{"id":662972,"date":"2021-02-22T00:48:24","date_gmt":"2021-02-22T03:48:24","guid":{"rendered":"https:\/\/www.diario5.com.ar\/?page_id=662972"},"modified":"2022-12-22T01:43:02","modified_gmt":"2022-12-22T04:43:02","slug":"kima","status":"publish","type":"page","link":"https:\/\/www.diario5.com.ar\/es\/kima\/","title":{"rendered":"Los KIMA"},"content":{"rendered":"<h2 class=\"sub-title-primary\"><\/h2> <p><img decoding=\"async\" loading=\"lazy\" class=\"alignnone  wp-image-662979\" src=\"https:\/\/www.diario5.com.ar\/wp-content\/uploads\/2022\/12\/KIMA_macri-cristina1.jpg\" alt=\"\" width=\"995\" height=\"664\" srcset=\"https:\/\/www.diario5.com.ar\/wp-content\/uploads\/2022\/12\/KIMA_macri-cristina1.jpg 700w, https:\/\/www.diario5.com.ar\/wp-content\/uploads\/2022\/12\/KIMA_macri-cristina1-300x200.jpg 300w\" sizes=\"(max-width: 995px) 100vw, 995px\" \/><\/p>\n<p>Los KIMA son los partidarios tanto del Kirchnerismo como del Macrismo, dedicados a hacer referencia de manera sistem\u00e1tica a sus diferencias ideol\u00f3gicas con el grupo que -en la teor\u00eda b\u00e1sica- no comulga con ellos y a endilgarle alguna responsabilidad por cualquiera de los miles de problemas que acarrea la Argentina por efecto de las pol\u00edticas de ambas administraciones.<\/p>\n<p>Es gente que no ve que la mism\u00edsima grieta que lo divide pol\u00edticamente de su adversario, lo une a \u00e9l, esencialmente, en la soberbia, la ignorancia y la hipocres\u00eda.<\/p>\n<p>A ambos les molesta mucho saberse parecidos.<\/p>\n<p>Mientras la mayor\u00eda de los simpatizantes del macrismo son falsos liberales, la casi totalidad de los kirchneristas son falsos progresistas. Como de ambas mayor\u00edas es muy f\u00e1cil comprobar que no tienen mucha idea de por qu\u00e9 raz\u00f3n pol\u00edtica sus l\u00edderes protagonizan para la tribuna el antagonismo que demuestran, nos da como resultado que tales mayor\u00edas de ambos bandos, son, simplemente, falsos.<\/p>\n<p>Los KIMA conforman la lacra m\u00e1s destructiva de la Argentina en toda su historia.<\/p>","protected":false},"excerpt":{"rendered":"<p>Los KIMA son los partidarios tanto del Kirchnerismo como del Macrismo, dedicados a hacer referencia de manera sistem\u00e1tica a sus diferencias ideol\u00f3gicas con el grupo que -en la teor\u00eda b\u00e1sica- no comulga con ellos y a endilgarle alguna responsabilidad por cualquiera de los miles de problemas que acarrea la Argentina por efecto de las pol\u00edticas [&hellip;]<\/p>","protected":false},"author":4,"featured_media":662979,"parent":0,"menu_order":0,"comment_status":"closed","ping_status":"closed","template":"","meta":[],"_links":{"self":[{"href":"https:\/\/www.diario5.com.ar\/es\/wp-json\/wp\/v2\/pages\/662972"}],"collection":[{"href":"https:\/\/www.diario5.com.ar\/es\/wp-json\/wp\/v2\/pages"}],"about":[{"href":"https:\/\/www.diario5.com.ar\/es\/wp-json\/wp\/v2\/types\/page"}],"author":[{"embeddable":true,"href":"https:\/\/www.diario5.com.ar\/es\/wp-json\/wp\/v2\/users\/4"}],"replies":[{"embeddable":true,"href":"https:\/\/www.diario5.com.ar\/es\/wp-json\/wp\/v2\/comments?post=662972"}],"version-history":[{"count":6,"href":"https:\/\/www.diario5.com.ar\/es\/wp-json\/wp\/v2\/pages\/662972\/revisions"}],"predecessor-version":[{"id":662980,"href":"https:\/\/www.diario5.com.ar\/es\/wp-json\/wp\/v2\/pages\/662972\/revisions\/662980"}],"wp:featuredmedia":[{"embeddable":true,"href":"https:\/\/www.diario5.com.ar\/es\/wp-json\/wp\/v2\/media\/662979"}],"wp:attachment":[{"href":"https:\/\/www.diario5.com.ar\/es\/wp-json\/wp\/v2\/media?parent=662972"}],"curies":[{"name":"wp","href":"https:\/\/api.w.org\/{rel}","templated":true}]}}